{"id":4315,"date":"2024-10-02T08:23:20","date_gmt":"2024-10-02T08:23:20","guid":{"rendered":"https:\/\/tester.milesmedia.de\/?page_id=4315"},"modified":"2026-04-26T06:27:13","modified_gmt":"2026-04-26T06:27:13","slug":"agb","status":"publish","type":"page","link":"http:\/\/fichtelbergmarsch.de\/?page_id=4315","title":{"rendered":"AGB&#8217;s"},"content":{"rendered":"\t\t<div data-elementor-type=\"wp-page\" data-elementor-id=\"4315\" class=\"elementor elementor-4315\" data-elementor-post-type=\"page\">\n\t\t\t\t<div class=\"elementor-element elementor-element-afa3d14 e-flex e-con-boxed e-con e-parent\" data-id=\"afa3d14\" data-element_type=\"container\">\n\t\t\t\t\t<div class=\"e-con-inner\">\n\t\t\t\t<div class=\"elementor-element elementor-element-0aef50b elementor-widget elementor-widget-vedhak_elementor_heading\" data-id=\"0aef50b\" data-element_type=\"widget\" data-widget_type=\"vedhak_elementor_heading.default\">\n\t\t\t\t<div class=\"elementor-widget-container\">\n\t\t\t\n\t\t\t<div class=\"ova-heading template1\">\n\n\t\t\t\t\n\t\t\t\t\t<h2 class=\"sub-title\">\n\n\t\t\t\t\t\t01\n\t\t\t\t\t\t\t\t\t\t\t\t\t<span class=\"line-decoration\"><\/span>\n\t\t\t\t\t\t\n\t\t\t\t\t\tAGB\n\t\t\t\t\t<\/h2>\n\n\t\t\t\t\n\t\t\t\t\n\t\t\t\t\t\n\t\t\t\t\t\t<h3 class=\"title\"><span class=\"title-bold\">Allgemeine Teilnahmebedingungen<\/span><span class=\"title-normal\"><\/span><\/h3>\n\n\t\t\t\t\t\n\n\t\t\t\t\t\t\t\t\t\n\t\t\t\t\n\t\t\t\t\n\t\t\t\t\t\n\t\t\t\t\n\t\t\t<\/div>\n\n\t\t\t\t<\/div>\n\t\t\t\t<\/div>\n\t\t\t\t\t<\/div>\n\t\t\t\t<\/div>\n\t\t<div class=\"elementor-element elementor-element-7e59728 e-flex e-con-boxed e-con e-parent\" data-id=\"7e59728\" data-element_type=\"container\">\n\t\t\t\t\t<div class=\"e-con-inner\">\n\t\t\t\t<div class=\"elementor-element elementor-element-b9c63d4 elementor-widget elementor-widget-text-editor\" data-id=\"b9c63d4\" data-element_type=\"widget\" data-widget_type=\"text-editor.default\">\n\t\t\t\t<div class=\"elementor-widget-container\">\n\t\t\t\t\t\t\t<p><span style=\"text-decoration: underline;\"><em>\u00a7 1 Allgemeines<\/em><\/span> (1) Der Fichtelbergmarsch (im Folgenden: Veranstaltung) wird von Herr Marcus M\u00fcller, Rudolf-Marek-Stra\u00dfe 5, 09112 Chemnitz (im Folgenden: Veranstalter), durchgef\u00fchrt.<\/p><p>(2) Teilnahmeberechtigt am Fichtelbergmarsch ist jede nat\u00fcrliche Person.<\/p><p>(3) Der Teilnahmevertrag zwischen Teilnehmer und Veranstalter kommt durch die Anmeldung des Teilnehmers zum Fichtelbergmarsch zustande. Der Veranstalter beh\u00e4lt sich vor, aus organisatorischen Gr\u00fcnden Anmeldungen nicht anzunehmen.<\/p><p><span style=\"text-decoration: underline;\"><em>\u00a7 2 Teilnahmebetrag<\/em><\/span> (1) Die Anmeldung ist verbindlich. Der Teilnahmebetrag betr\u00e4gt 73-96 EUR abh\u00e4ngig von Transportkosten.<\/p><p>(2) Nimmt der Teilnehmer nicht an der Veranstaltung teil, ist die R\u00fcckerstattung des Teilnahmebetrages ausgeschlossen.<\/p><p>(3) Bis zum Tag des Anmeldeschlusses (siehe Ausschreibung) kann der Teilnehmer gegen eine Bearbeitungsgeb\u00fchr in H\u00f6he von 17,00 EUR vom Vertrag zur\u00fccktreten. In diesem Fall wird ihm der Teilnahmebetrag abz\u00fcglich der Geb\u00fchr in H\u00f6he von 17,00 EUR erstattet.<\/p><p>(4) F\u00e4llt der Fichtelbergmarsch aufgrund h\u00f6herer Gewalt, beh\u00f6rdlichen Anordnungen oder sonstigen Umst\u00e4nden aus, die nicht vom Veranstalter zu vertreten sind, so hat der Teilnehmer keinen Anspruch auf Erstattung des Teilnahmebetrages.<\/p><p><span style=\"text-decoration: underline;\"><em>\u00a7 3 Besondere Teilnahmebedingungen (1)<\/em><\/span> Die Teilnahme erfolgt auf eigenes Risiko. Jeder Teilnehmer ist eigenverantwortlich f\u00fcr eine ausreichende Trainingsvorbereitung. Der Teilnehmer best\u00e4tigt durch die Anmeldung in der k\u00f6rperlichen und mentalen Verfassung zu sein, am Marsch teilzunehmen. Gegebenfalls hat der Teilnehmer die gesundheitlichen Tauglichkeit f\u00fcr die Teilnahme am Fichtelbergmarsch \u00e4rztlich \u00fcberpr\u00fcfen zu lassen.<\/p><p>(2) Der Teilnehmer hat die Regelung der StVO zu beachten. Bei der \u00dcberquerung \u00f6ffentlicher Stra\u00dfen hat der Teilnehmer Vorsicht walten zu lassen. Es sind ausschlie\u00dflich vorhandene Gehwege und Fu\u00dfg\u00e4ngerampeln zu nutzen.<\/p><p>(3) Der Teilnehmer hat den Anweisungen des Veranstalters und dessen Erf\u00fcllungsgehilfen Folge zu leisten.<\/p><p>(4) Dem Teilnehmer ist bekannt, dass die Strecke des Marsches ca. 63 km misst und die Veranstaltung nach 21.00 Uhr endet. Wer 63 km in 16 Stunden wandern will, muss eine Mindest-Durchschnittsgeschwindigkeit von ca. 4 km\/h erreichen, um offene Verpflegungsstellen und das Ziel bis 21.00 Uhr vorzufinden. Nach 21.00 Uhr besteht kein Recht auf R\u00fccktransport und Verpflegung.<\/p><p><span style=\"text-decoration: underline;\"><em><strong>\u00a7 4 Ausschluss von der Veranstaltung<\/strong><\/em><\/span> (1) Der Teilnehmer kann vom Veranstalter oder dessen Erf\u00fcllungsgehilfen von der Veranstaltung aus wichtigem Grund ausgeschlossen werden, insbesondere wenn der Teilnehmer Anweisungen des Veranstalters zuwiderhandelt; den ordnungsgem\u00e4\u00dfen Verlauf der Veranstaltung st\u00f6rt;<\/p><p>wenn vor oder w\u00e4hrend der Veranstaltung eine weitere Teilnahme f\u00fcr den Teilnehmer eine Gefahr f\u00fcr Leib und Leben nicht unwahrscheinlich erscheinen l\u00e4sst.<\/p><p>(2) Bei einem Ausschluss des Teilnehmers von der Veranstaltung nach Abs. 1 besteht kein Anspruch auf Erstattung des Teilnahmebetrages.<\/p><p>(3) Wird die Veranstaltung aufgrund h\u00f6herer Gewalt abgebrochen oder der Teilnehmer von der Veranstaltung wegen schuldhaften Verhaltens oder gesundheitlicher Probleme ausgeschlossen, hat er selbst f\u00fcr seinen R\u00fccktransport zu sorgen.<\/p><p><span style=\"text-decoration: underline;\"><em>\u00a7 5 Haftungsausschluss<\/em><\/span> (1) Schadensersatzanspr\u00fcche des Teilnehmers gegen den Veranstalter sind ausgeschlossen.<\/p><p>(2) Der Ausschluss der Haftung findet keine Anwendung auf Schadensersatzanspr\u00fcche jeglicher Art, wenn der Veranstalter oder seine Erf\u00fcllungsgehilfen grob fahrl\u00e4ssig oder vors\u00e4tzlich ihre Pflichten verletzt haben, sowie auf Schadensersatzanspr\u00fcche bei Verletzung des K\u00f6rpers, des Lebens oder der Gesundheit oder bei der Verletzung wesentlicher Vertragspflichten, wenn die Pflichten fahrl\u00e4ssig verletzt wurden.<\/p><p><em><span style=\"text-decoration: underline;\">\u00a7 6 Fotos<\/span><\/em>, Filme, Daten (1) Der Teilnehmer erkl\u00e4rt sich damit einverstanden, dass die im Zusammenhang mit seiner Teilnahme an der Veranstaltung gemachten Fotos, Filmaufnahmen und Interviews in Rundfunk, Fernsehen, Printmedien, Onlinemedien, B\u00fcchern, fotomechanischen Vervielf\u00e4ltigungen (Filme, Videokassette, CD\u2019s, DVD etc.) ohne Anspruch auf Verg\u00fctung vom Veranstalter benutzt, verbreitet und ver\u00f6ffentlicht werden. (2) Au\u00dferdem erkl\u00e4rt sich der Teilnehmer mit der Weitergabe seiner personenbezogenen Daten zum Zwecke der Zusendung von Fotos einverstanden, die von einer vom Veranstalter beauftragten Firma produziert werden. Hiermit erkl\u00e4rt der Teilnehmer jedoch nicht zugleich, dass er ein solches Foto kaufen m\u00f6chte.<\/p>\t\t\t\t\t\t<\/div>\n\t\t\t\t<\/div>\n\t\t\t\t\t<\/div>\n\t\t\t\t<\/div>\n\t\t\t\t<\/div>\n\t\t","protected":false},"excerpt":{"rendered":"<p>01 AGB Allgemeine Teilnahmebedingungen \u00a7 1 Allgemeines (1) Der Fichtelbergmarsch (im Folgenden: Veranstaltung) wird von Herr Marcus M\u00fcller, Rudolf-Marek-Stra\u00dfe 5, 09112 Chemnitz (im Folgenden: Veranstalter), durchgef\u00fchrt. (2) Teilnahmeberechtigt am Fichtelbergmarsch ist jede nat\u00fcrliche Person. (3) Der Teilnahmevertrag zwischen Teilnehmer und Veranstalter kommt durch die Anmeldung des Teilnehmers zum Fichtelbergmarsch zustande. Der Veranstalter beh\u00e4lt sich vor, [&hellip;]<\/p>\n","protected":false},"author":1,"featured_media":4287,"parent":0,"menu_order":0,"comment_status":"closed","ping_status":"closed","template":"elementor_header_footer","meta":{"footnotes":""},"class_list":["post-4315","page","type-page","status-publish","has-post-thumbnail","hentry"],"_links":{"self":[{"href":"http:\/\/fichtelbergmarsch.de\/index.php?rest_route=\/wp\/v2\/pages\/4315","targetHints":{"allow":["GET"]}}],"collection":[{"href":"http:\/\/fichtelbergmarsch.de\/index.php?rest_route=\/wp\/v2\/pages"}],"about":[{"href":"http:\/\/fichtelbergmarsch.de\/index.php?rest_route=\/wp\/v2\/types\/page"}],"author":[{"embeddable":true,"href":"http:\/\/fichtelbergmarsch.de\/index.php?rest_route=\/wp\/v2\/users\/1"}],"replies":[{"embeddable":true,"href":"http:\/\/fichtelbergmarsch.de\/index.php?rest_route=%2Fwp%2Fv2%2Fcomments&post=4315"}],"version-history":[{"count":13,"href":"http:\/\/fichtelbergmarsch.de\/index.php?rest_route=\/wp\/v2\/pages\/4315\/revisions"}],"predecessor-version":[{"id":4937,"href":"http:\/\/fichtelbergmarsch.de\/index.php?rest_route=\/wp\/v2\/pages\/4315\/revisions\/4937"}],"wp:featuredmedia":[{"embeddable":true,"href":"http:\/\/fichtelbergmarsch.de\/index.php?rest_route=\/wp\/v2\/media\/4287"}],"wp:attachment":[{"href":"http:\/\/fichtelbergmarsch.de\/index.php?rest_route=%2Fwp%2Fv2%2Fmedia&parent=4315"}],"curies":[{"name":"wp","href":"https:\/\/api.w.org\/{rel}","templated":true}]}}